{"id":119,"date":"2023-06-23T21:38:11","date_gmt":"2023-06-23T19:38:11","guid":{"rendered":"https:\/\/a11studio.cz\/?page_id=119"},"modified":"2023-06-24T12:06:48","modified_gmt":"2023-06-24T10:06:48","slug":"vseobecne-obchodni-podminky","status":"publish","type":"page","link":"https:\/\/a11studio.cz\/?page_id=119","title":{"rendered":"V\u0161eobecn\u00e9 obchodn\u00ed podm\u00ednky"},"content":{"rendered":"\n<p><strong>\u010cl. I. \u2013 \u00davodn\u00ed ustanoven\u00ed<\/strong><\/p>\n\n\n\n<p>V\u0161eobecn\u00e9 obchodn\u00ed podm\u00ednky spole\u010dnosti A 11 s.r.o., zapsan\u00e9 v obchodn\u00edm rejst\u0159\u00edku veden\u00e9m M\u011bstsk\u00fdm soudem v Praze, odd\u00edl C, vlo\u017eka 97840, s\u00eddlem: Plze\u0148sk\u00e1 1348\/95, 150 00 Praha 5, I\u010c: 27120805. Tyto v\u0161eobecn\u00e9 obchodn\u00ed podm\u00ednky (\u201eVOP\u201c) v souladu s \u00a7\u202f1751 z\u00e1kona \u010d 89\/2012 Sb., Ob\u010dansk\u00fd z\u00e1kon\u00edk, (\u201eob\u010dansk\u00fd z\u00e1kon\u00edk\u201c) tvo\u0159\u00ed ned\u00edlnou sou\u010d\u00e1st smluv o inzerci (d\u00e1le jen \u201eSmlouva\u201c). Ka\u017edou Smlouvu o inzerci uzav\u00edr\u00e1 A 11 s.r.o., jako\u017eto vydavatelstv\u00ed (d\u00e1le jen \u201evydavatelstv\u00ed\u201c), a t\u0159et\u00ed osoba, jako\u017eto objednatel (d\u00e1le jen \u201eobjednatel\u201c).<\/p>\n\n\n\n<p>Sou\u010d\u00e1st\u00ed VOP jsou d\u00e1le aktu\u00e1ln\u00ed mediakity\/cen\u00edky vydavatelstv\u00ed, p\u0159i\u010dem\u017e oba v\u00fd\u0161e uveden\u00e9 dokumenty jsou dostupn\u00e9 pomoc\u00ed prost\u0159edk\u016f komunikace na d\u00e1lku na webov\u00e9 str\u00e1nce vydavatelstv\u00ed www.a11.cz nebo webov\u00e9 str\u00e1nce konkr\u00e9tn\u00edho titulu. Podpisem Smlouvy objednatel potvrzuje, \u017ee se sezn\u00e1mil se zn\u011bn\u00edm t\u011bchto VOP a mediakitu\/cen\u00edku.<\/p>\n\n\n\n<p><strong>\u010cl. II. \u2013 Uzav\u0159en\u00ed objedn\u00e1vky<\/strong><\/p>\n\n\n\n<p><strong>1.&nbsp;<\/strong>Objednatel si objedn\u00e1v\u00e1 uve\u0159ejn\u011bn\u00ed inzer\u00e1tu prost\u0159ednictv\u00edm p\u00edsemn\u00e9 objedn\u00e1vky, kter\u00e1 m\u016f\u017ee b\u00fdt doru\u010dena v listinn\u00e9 podob\u011b nebo pomoc\u00ed elektronick\u00e9 po\u0161ty (datov\u00e1 schr\u00e1nka, e-mail).<\/p>\n\n\n\n<p><strong>2.<\/strong>&nbsp;Objedn\u00e1vka mus\u00ed v\u017edy obsahovat: obchodn\u00ed jm\u00e9no objednatele, jeho s\u00eddlo, I\u010c, DI\u010c, jm\u00e9no z\u00e1stupce objednatele opr\u00e1vn\u011bn\u00e9ho objedn\u00e1vku u\u010dinit. V p\u0159\u00edpad\u011b fyzick\u00fdch osob pak adresu trval\u00e9ho bydli\u0161t\u011b. D\u00e1le mus\u00ed b\u00fdt uveden term\u00edn uve\u0159ejn\u011bn\u00ed, druh inzerce a dal\u0161\u00ed \u00fadaje t\u00fdkaj\u00edc\u00ed se proveden\u00ed objedn\u00e1vky.<\/p>\n\n\n\n<p><strong>3.<\/strong>&nbsp;Objednatel je odpov\u011bdn\u00fd za v\u010dasn\u00e9 poskytnut\u00ed v\u0161ech podklad\u016f pot\u0159ebn\u00fdch pro realizaci objedn\u00e1vky. Spole\u010dnost A 11 s.r.o. je povinna upozornit objednavatele na zjevn\u011b nevhodn\u00e9 nebo chybn\u00e9 podklady. Objednatel je povinen dodat ve stanoven\u00e9m term\u00ednu vydavatelstv\u00ed n\u00e1hradu za zjevn\u011b nevhodn\u00e9 a chybn\u00e9 podklady. Pokud objednatel dod\u00e1 n\u00e1hradu za zjevn\u011b nevhodn\u00e9 \u010di chybn\u00e9 podklady se zpo\u017ed\u011bn\u00edm nebo v p\u0159\u00edpad\u011b, \u017ee objednatel trv\u00e1 na pou\u017eit\u00ed zjevn\u011b nevhodn\u00fdch nebo chybn\u00fdch podklad\u016f, m\u00e1 vydavatelstv\u00ed pr\u00e1vo od Smlouvy odstoupit a sou\u010dasn\u011b j\u00ed vznik\u00e1 pr\u00e1vo na stornovac\u00ed poplatky.<\/p>\n\n\n\n<p><strong>4.<\/strong>&nbsp;Objednatel ru\u010d\u00ed za bezchybn\u00fd obsah a za to, \u017ee texty, obrazov\u00e9 a grafick\u00e9 materi\u00e1ly ur\u010den\u00e9 pro inzer\u00e1ty jsou v souladu s pr\u00e1vn\u00edmi p\u0159edpisy. V p\u0159\u00edpad\u011b uplat\u0148ov\u00e1n\u00ed n\u00e1rok\u016f t\u0159et\u00ed stranou je objednatel povinen na sebe p\u0159evz\u00edt z\u00e1vazky z t\u011bchto n\u00e1rok\u016f vypl\u00fdvaj\u00edc\u00ed nebo je povinen nahradit spole\u010dnosti A 11 s.r.o. \u0161kody, kter\u00e9 vznikly s uve\u0159ejn\u011bn\u00edm opravy chybn\u00e9ho nebo pr\u00e1vn\u011b nep\u0159\u00edpustn\u00e9ho inzer\u00e1tu.<\/p>\n\n\n\n<p><strong>5.<\/strong>&nbsp;Vydavatelstv\u00ed dostane k voln\u00e9 dispozici v\u0161echny pot\u0159ebn\u00e9 podklady pro uve\u0159ejn\u011bn\u00ed inzer\u00e1tu a nen\u00ed povinno tyto podklady uchov\u00e1vat, p\u0159\u00edpadn\u011b objednateli vracet.<\/p>\n\n\n\n<p><strong>\u010cl. III. \u2013 Uzav\u0159en\u00ed smlouvy<\/strong><\/p>\n\n\n\n<p><strong>1.<\/strong>&nbsp;Uzav\u0159en\u00edm smlouvy se rozum\u00ed potvrzen\u00ed objedn\u00e1vky spole\u010dnost\u00ed A 11 s.r.o., p\u00edsemn\u011b p\u0159\u00edmo na objedn\u00e1vku, nebo jin\u00fdm obvykl\u00fdm zp\u016fsobem, nap\u0159. e-mailem. V p\u0159\u00edpad\u011b, \u017ee nedojde k potvrzen\u00ed objedn\u00e1vky spole\u010dnost\u00ed A 11 s.r.o., je za uzav\u0159en\u00ed smlouvy pova\u017eov\u00e1no uve\u0159ejn\u011bn\u00ed inzer\u00e1tu.<\/p>\n\n\n\n<p><strong>2.<\/strong>&nbsp;P\u0159ijet\u00ed objedn\u00e1vky zam\u011bstnancem nebo zprost\u0159edkovatelem vydavatelstv\u00ed nem\u016f\u017ee b\u00fdt bez dal\u0161\u00edch n\u00e1le\u017eitost\u00ed pova\u017eov\u00e1no za uzav\u0159en\u00ed smlouvy.<\/p>\n\n\n\n<p><strong>3.<\/strong>&nbsp;Spole\u010dnost A 11 s.r.o. si v ka\u017ed\u00e9m p\u0159\u00edpad\u011b vyhrazuje pr\u00e1vo odstoupit od smlouvy, existuje-li opr\u00e1vn\u011bn\u00fd p\u0159edpoklad, \u017ee uve\u0159ejn\u011bn\u00ed inzer\u00e1tu z hlediska obsahov\u00e9ho, textov\u00e9ho, grafick\u00e9ho nebo obrazov\u00e9ho odporuje z\u00e1jm\u016fm vydavatelstv\u00ed, nebo pr\u00e1v\u011b platn\u00fdm pr\u00e1vn\u00edm p\u0159edpis\u016fm.<\/p>\n\n\n\n<p><strong>4.<\/strong>&nbsp;Pokud by vznikly d\u016fvodn\u00e9 pochybnosti o platebn\u00ed schopnosti objednatele a pokud na \u017e\u00e1dost spole\u010dnosti A 11 s.r.o. nen\u00ed zaji\u0161t\u011bna v\u010dasn\u00e1 platba p\u0159edem, vyhrazuje si vydavatelstv\u00ed pr\u00e1vo odstoupit od smlouvy.<\/p>\n\n\n\n<p><strong>5.<\/strong>&nbsp;V p\u0159\u00edpad\u011b odstoupen\u00ed od smlouvy na z\u00e1klad\u011b bodu 3 nebo 4 tohoto \u010dl\u00e1nku, vyrozum\u00ed vydavatelstv\u00ed o t\u00e9to skute\u010dnosti objednatele bez zbyte\u010dn\u00e9ho prodlen\u00ed.<\/p>\n\n\n\n<p><strong>6.<\/strong>&nbsp;V p\u0159\u00edpad\u011b stornov\u00e1n\u00ed objedn\u00e1vky objednatelem, po jej\u00edm potvrzen\u00ed vydavatelstv\u00edm, je spole\u010dnost A 11 s.r.o. opr\u00e1vn\u011bna uplat\u0148ovat stornovac\u00ed poplatky dle \u010dl. IV t\u011bchto VOP. Stornov\u00e1n\u00ed objedn\u00e1vky mus\u00ed b\u00fdt v\u017edy provedeno p\u00edsemn\u011b.<\/p>\n\n\n\n<p><strong>\u010cl. IV. \u2013 Stornovac\u00ed poplatky<\/strong><\/p>\n\n\n\n<p>Stornovac\u00ed poplatky jsou vypo\u010d\u00edt\u00e1v\u00e1ny procentu\u00e1ln\u011b z ceny inzerce uveden\u00e9 v objedn\u00e1vce nebo smlouv\u011b.<\/p>\n\n\n\n<p><strong>1.<\/strong>&nbsp;bez sankce\u2026 do 5 pracovn\u00edch dn\u00ed dni p\u0159ed platnou uz\u00e1v\u011brkou inzerce<\/p>\n\n\n\n<p><strong>2.&nbsp;<\/strong>50 %\u2026 2 pracovn\u00ed dny p\u0159ed platnou uz\u00e1v\u011brkou inzerce a m\u00e9n\u011b<\/p>\n\n\n\n<p><strong>3.<\/strong>&nbsp;100 %\u2026 po platn\u00e9 uz\u00e1v\u011brce inzerce<\/p>\n\n\n\n<p><strong>4.&nbsp;<\/strong>V p\u0159\u00edpad\u011b, \u017ee zadavatel odstoup\u00ed od smlouvy o inzerci, vydavatel je opr\u00e1vn\u011bn po\u017eadovat vr\u00e1cen\u00ed mno\u017estevn\u00edch slev z cen opakuj\u00edc\u00edch se inzer\u00e1t\u016f nebo mno\u017estevn\u00edch slev za objednan\u00fd objem inzer\u00e1t\u016f, na kter\u00e9 by zadavateli t\u00edmto odstoupen\u00edm od smlouvy o inzerci zaniklo pr\u00e1vo. Vydavatel je sou\u010dasn\u011b opr\u00e1vn\u011bn po\u017eadovat po zadavateli \u00fahradu n\u00e1klad\u016f vznikl\u00fdch v souvislosti se zadavatelov\u00fdm odstoupen\u00edm od smlouvy o inzerci.<\/p>\n\n\n\n<p><strong>\u010cl. V. \u2013 Slevy a bonusy<\/strong><\/p>\n\n\n\n<p>Sleva ve v\u00fd\u0161i 15 % (agenturn\u00ed provize) bude poskytnuta zprost\u0159edkovatel\u016fm reklamy uznan\u00fdm vydavatelstv\u00edm. P\u0159edpokladem je, aby objedn\u00e1vku p\u0159edkl\u00e1dal p\u0159\u00edmo zprost\u0159edkovatel reklamy, kter\u00fd sou\u010dasn\u011b odpov\u00edd\u00e1 za dod\u00e1n\u00ed hotov\u00fdch podklad\u016f inzerce. Zprost\u0159edkovatel reklamy mus\u00ed na po\u017e\u00e1d\u00e1n\u00ed p\u0159edlo\u017eit \u017eivnostensk\u00fd list nebo v\u00fdpis z obchodn\u00edho rejst\u0159\u00edku, kter\u00fd jednozna\u010dn\u011b prokazuje zprost\u0159edkovatelskou \u010dinnost v oblasti reklamy.<\/p>\n\n\n\n<p><strong>\u010cl. VI. \u2013 Odpov\u011bdnost za vady a \u0161kody<\/strong><\/p>\n\n\n\n<p>Objednatel je povinen ozn\u00e1mit vydavatelstv\u00ed vadu inzerce nejpozd\u011bji do \u010dtrn\u00e1cti dn\u016f ode dne zve\u0159ejn\u011bn\u00ed inzerce. Pokud je smlouvou o inzerci sjedn\u00e1no opakovan\u00e9 zve\u0159ej\u0148ov\u00e1n\u00ed inzerce a objednatel neozn\u00e1m\u00ed vydavatelstv\u00ed vady t\u00e9to inzerce ve lh\u016ft\u011b dle p\u0159edchoz\u00ed v\u011bty, nebo nejpozd\u011bji v den uz\u00e1v\u011brky inzerce pro dal\u0161\u00ed vyd\u00e1n\u00ed, nem\u016f\u017ee se objednatel dom\u00e1hat n\u00e1rok\u016f z vad n\u00e1sledn\u00fdch zve\u0159ejn\u011bn\u00edm t\u00e9\u017ee inzerce. Nezve\u0159ejn\u00ed-li vydavatelstv\u00ed inzerci v term\u00ednu sjednan\u00e9m ve Smlouv\u011b nebo ur\u010den\u00e9m na z\u00e1klad\u011b t\u011bchto VOP, je objednatel opr\u00e1vn\u011bn po\u017eadovat, aby vydavatelstv\u00ed inzerci zve\u0159ejnilo v nejbli\u017e\u0161\u00edm n\u00e1sleduj\u00edc\u00edm periodiku, ve kter\u00e9m to bude technicky mo\u017en\u00e9. Toto pr\u00e1vo mus\u00ed objednatel uplatnit nejpozd\u011bji ve lh\u016ft\u011b do \u010dtrn\u00e1cti dn\u016f od dne, kdy inzerce m\u011bla b\u00fdt zve\u0159ejn\u011bna. Nezve\u0159ejn\u00ed-li vydavatelstv\u00ed inzerci v kvalit\u011b sjednan\u00e9 ve Smlouv\u011b nebo Objedn\u00e1vce, m\u00e1 objednatel pr\u00e1vo na n\u00e1hradn\u00ed zve\u0159ejn\u011bn\u00ed inzerce nebo na p\u0159im\u011b\u0159enou slevu z ceny inzerce. P\u0159\u00edpadn\u00e1 sleva z inzerce bude stanovena dohodou ze strany vydavatelstv\u00ed, s p\u0159ihl\u00e9dnut\u00edm ke sjednan\u00e9 cen\u011b v n\u00e1vaznosti na cenu dle platn\u00e9ho cen\u00edku. Jin\u00e9 n\u00e1roky z odpov\u011bdnosti za vady jsou vylou\u010deny.<br>Odchylka ve velikosti zve\u0159ejn\u011bn\u00e9 inzerce v rozmez\u00ed do 1 % nen\u00ed vadou inzerce. Vydavatelstv\u00ed rovn\u011b\u017e neodpov\u00edd\u00e1 za technologickou chybu p\u0159i realizaci inzerce, kter\u00e1 zp\u016fsob\u00ed z\u00e1vadnost u m\u00e9n\u011b ne\u017e 1 % zve\u0159ejn\u011bn\u00ed konkr\u00e9tn\u00ed inzerce \u010di chyb\u011bj\u00edc\u00ed vklad u m\u00e9n\u011b ne\u017e 1 % z objednan\u00e9ho po\u010dtu vklad\u016f v dot\u010den\u00e9m vyd\u00e1n\u00ed. Objednatel bere na v\u011bdom\u00ed a souhlas\u00ed s t\u00edm, \u017ee odpov\u011bdnost vydavatelstv\u00ed za jakoukoli \u00fajmu vzniklou v souvislosti s pln\u011bn\u00edm Smlouvy se omezuje do celkov\u00e9 \u010d\u00e1stky 10\u2009000 K\u010d. Sou\u010dasn\u011b se sjedn\u00e1v\u00e1, \u017ee objednateli nen\u00e1le\u017e\u00ed n\u00e1rok na n\u00e1hradu u\u0161l\u00e9ho zisku. Sjednan\u00e9 omezen\u00ed n\u00e1hrady \u00fajmy podle tohoto \u010dl\u00e1nku neplat\u00ed v p\u0159\u00edpad\u011b \u00fajmy zp\u016fsoben\u00e9 \u00famysln\u011b nebo hrubou nedbalost\u00ed.<\/p>\n\n\n\n<p><strong>\u010cl. VII. \u2013 Z\u00e1v\u011bre\u010dn\u00e1 ustanoven\u00ed<\/strong><\/p>\n\n\n\n<p>Smlouva o inzerci se \u0159\u00edd\u00ed pr\u00e1vn\u00edm \u0159\u00e1dem \u010cesk\u00e9 republiky. Nen\u00ed-li ve Smlouv\u011b nebo t\u011bchto VOP stanoveno jinak, je Smlouvu mo\u017en\u00e9 m\u011bnit \u010di ru\u0161it pouze p\u00edsemn\u011b. Nen\u00ed-li v konkr\u00e9tn\u00edm p\u0159\u00edpad\u011b dohodnuto jinak, je m\u00edstem pln\u011bn\u00ed z\u00e1vazku s\u00eddlo vydavatelstv\u00ed. Nen\u00ed-li v konkr\u00e9tn\u00edm p\u0159\u00edpad\u011b dohodnuto jinak a lze-li z\u00e1vazek splnit n\u011bkolika zp\u016fsoby, m\u00e1 pr\u00e1vo ur\u010dit zp\u016fsob pln\u011bn\u00ed vydavatelstv\u00ed.<br>Objedn\u00e1vka i Smlouva se \u0159\u00edd\u00ed zn\u011bn\u00edm VOP \u00fa\u010dinn\u00fdmi v den jej\u00edho uzav\u0159en\u00ed.<\/p>\n\n\n\n<p>Vydavatelstv\u00ed je opr\u00e1vn\u011bno navrhnout objednateli jednostrannou zm\u011bnu obsahu Smlouvy t\u00edm, \u017ee se jej\u00ed sou\u010d\u00e1st\u00ed stane zn\u011bn\u00ed VOP, kter\u00e9 nabylo \u00fa\u010dinnosti a\u017e po nabyt\u00ed \u00fa\u010dinnosti p\u0159\u00edslu\u0161n\u00e9 Smlouvy o inzerci. N\u00e1vrh na zm\u011bnu Smlouvy, resp. VOP, za\u0161le vydavatelstv\u00ed objednateli na kontaktn\u00ed adresu uvedenou ve Smlouv\u011b, a to ve lh\u016ft\u011b alespo\u0148 \u010dtrn\u00e1ct dn\u00ed p\u0159ed jejich pl\u00e1novan\u00fdm nabyt\u00edm \u00fa\u010dinnosti. Pokud objednatel se zn\u011bn\u00edm nov\u00fdch VOP nesouhlas\u00ed, je opr\u00e1vn\u011bn Smlouvu vypov\u011bd\u011bt s v\u00fdpov\u011bdn\u00ed lh\u016ftou p\u011bt pracovn\u00edch dn\u00ed. V\u00fdpov\u011b\u010f Smlouvy je t\u0159eba zaslat vydavatelstv\u00ed na kontaktn\u00ed adresu uvedenou ve Smlouv\u011b. Pokud objednatel Smlouvu nevypov\u00ed ve lh\u016ft\u011b p\u011bt pracovn\u00edch dn\u00ed od doru\u010den\u00ed n\u00e1vrhu, m\u00e1 se za to, \u017ee se zm\u011bnami VOP souhlas\u00ed.<\/p>\n\n\n\n<p><strong>Tyto v\u0161eobecn\u00e9 obchodn\u00ed podm\u00ednky nab\u00fdvaj\u00ed \u00fa\u010dinnosti od 1. 1. 2019.<\/strong><\/p>\n\n\n\n<p><strong>A 11 s. r. o.<\/strong><\/p>\n","protected":false},"excerpt":{"rendered":"<p>\u010cl. I. \u2013 \u00davodn\u00ed ustanoven\u00ed V\u0161eobecn\u00e9 obchodn\u00ed podm\u00ednky spole\u010dnosti A 11 s.r.o., zapsan\u00e9 v obchodn\u00edm rejst\u0159\u00edku veden\u00e9m M\u011bstsk\u00fdm soudem v Praze, odd\u00edl C, vlo\u017eka 97840, s\u00eddlem: Plze\u0148sk\u00e1 1348\/95, 150 00 Praha 5, I\u010c: 27120805. Tyto v\u0161eobecn\u00e9 obchodn\u00ed podm\u00ednky (\u201eVOP\u201c) v souladu s \u00a7\u202f1751 z\u00e1kona \u010d 89\/2012 Sb., Ob\u010dansk\u00fd z\u00e1kon\u00edk, (\u201eob\u010dansk\u00fd z\u00e1kon\u00edk\u201c) tvo\u0159\u00ed ned\u00edlnou sou\u010d\u00e1st smluv [&hellip;]<\/p>\n","protected":false},"author":3,"featured_media":0,"parent":0,"menu_order":0,"comment_status":"closed","ping_status":"closed","template":"","meta":{"footnotes":""},"class_list":["post-119","page","type-page","status-publish","hentry"],"_links":{"self":[{"href":"https:\/\/a11studio.cz\/index.php?rest_route=\/wp\/v2\/pages\/119","targetHints":{"allow":["GET"]}}],"collection":[{"href":"https:\/\/a11studio.cz\/index.php?rest_route=\/wp\/v2\/pages"}],"about":[{"href":"https:\/\/a11studio.cz\/index.php?rest_route=\/wp\/v2\/types\/page"}],"author":[{"embeddable":true,"href":"https:\/\/a11studio.cz\/index.php?rest_route=\/wp\/v2\/users\/3"}],"replies":[{"embeddable":true,"href":"https:\/\/a11studio.cz\/index.php?rest_route=%2Fwp%2Fv2%2Fcomments&post=119"}],"version-history":[{"count":2,"href":"https:\/\/a11studio.cz\/index.php?rest_route=\/wp\/v2\/pages\/119\/revisions"}],"predecessor-version":[{"id":145,"href":"https:\/\/a11studio.cz\/index.php?rest_route=\/wp\/v2\/pages\/119\/revisions\/145"}],"wp:attachment":[{"href":"https:\/\/a11studio.cz\/index.php?rest_route=%2Fwp%2Fv2%2Fmedia&parent=119"}],"curies":[{"name":"wp","href":"https:\/\/api.w.org\/{rel}","templated":true}]}}